{"id":230,"date":"2025-06-05T01:02:03","date_gmt":"2025-06-05T01:02:03","guid":{"rendered":"https:\/\/vistotrip4you.demarcweb.com.br\/?page_id=230"},"modified":"2025-06-05T01:07:43","modified_gmt":"2025-06-05T01:07:43","slug":"mudanca-de-status","status":"publish","type":"page","link":"https:\/\/vistotrip4you.demarcweb.com.br\/index.php\/mudanca-de-status\/","title":{"rendered":"Mudan\u00e7a de Status"},"content":{"rendered":"<h2>Est\u00e1 pronto para explorar destinos incr\u00edveis?<\/h2>\n<p>\t\tN\u00f3s planejamos cada detalhe para que voc\u00ea <strong>viva a magia dessa jornada!<\/strong><br \/>\n\t\t\t\t\t\t\t\t\t\t\t\t\t\t\t<img loading=\"lazy\" decoding=\"async\" width=\"573\" height=\"1024\" src=\"https:\/\/vistotrip4you.demarcweb.com.br\/wp-content\/uploads\/2025\/06\/Cocoa-Beach-573x1024.png\" alt=\"\" srcset=\"https:\/\/vistotrip4you.demarcweb.com.br\/wp-content\/uploads\/2025\/06\/Cocoa-Beach-573x1024.png 573w, https:\/\/vistotrip4you.demarcweb.com.br\/wp-content\/uploads\/2025\/06\/Cocoa-Beach-168x300.png 168w, https:\/\/vistotrip4you.demarcweb.com.br\/wp-content\/uploads\/2025\/06\/Cocoa-Beach-768x1372.png 768w, https:\/\/vistotrip4you.demarcweb.com.br\/wp-content\/uploads\/2025\/06\/Cocoa-Beach-860x1536.png 860w, https:\/\/vistotrip4you.demarcweb.com.br\/wp-content\/uploads\/2025\/06\/Cocoa-Beach-1146x2048.png 1146w, https:\/\/vistotrip4you.demarcweb.com.br\/wp-content\/uploads\/2025\/06\/Cocoa-Beach-scaled.png 1433w\" sizes=\"auto, (max-width: 573px) 100vw, 573px\" \/>\t\t\t\t\t\t\t\t\t\t\t\t\t\t\t<\/p>\n<h2>Afinal, o que \u00e9 o \u2028Mudan\u00e7a de Status?<\/h1>\n<\/h2>\n<p>O <strong>Mudan\u00e7a de Status<\/strong> \u00e9 o processo que permite a um imigrante solicitar a <strong>mudan\u00e7a de sua condi\u00e7\u00e3o imigrat\u00f3ria<\/strong> sem precisar sair dos Estados Unidos. Isso significa que, em vez de retornar ao pa\u00eds de origem para concluir o processo em um consulado, a pessoa pode fazer tudo diretamente em solo americano de forma legal, segura e acompanhada pelas autoridades de imigra\u00e7\u00e3o locais.\u2028<\/p>\n<p>Essa op\u00e7\u00e3o \u00e9 <strong>especialmente \u00fatil para quem j\u00e1 se encontra nos EUA com um visto v\u00e1lido ou em situa\u00e7\u00f5es especiai<\/strong>s que permitam essa transi\u00e7\u00e3o. Al\u00e9m de evitar deslocamentos e poss\u00edveis riscos de reentrada, o <strong>Ajuste de Status<\/strong> permite ao solicitante permanecer legalmente no pa\u00eds enquanto seu caso est\u00e1 em an\u00e1lise, com a possibilidade, de obter permiss\u00f5es provis\u00f3rias de trabalho e viagem durante o processo.<\/p>\n<h3>Quem Pode Solicitar?<\/h3>\n<p><strong>Regras de elegibilidade :<\/strong><\/p>\n<ul>\n<li>\u00c9 c\u00f4njuge, filho(a), m\u00e3e ou pai de cidad\u00e3o americano;<\/li>\n<li>Possui uma peti\u00e7\u00e3o de trabalho aprovada;<\/li>\n<li>Tem prote\u00e7\u00e3o humanit\u00e1ria (VAWA, TPS, entre outros);<\/li>\n<li>Entrou legalmente nos EUA e tem uma peti\u00e7\u00e3o de imigra\u00e7\u00e3o v\u00e1lida.<\/li>\n<\/ul>\n<h1>Etapas do Processo de \u2028Mudan\u00e7a de Status?<\/h1>\n<\/h1>\n<p>\t\t\t\t\t\t\t\t\t\t\t\t\t\t\t<img loading=\"lazy\" decoding=\"async\" width=\"428\" height=\"312\" src=\"https:\/\/vistotrip4you.demarcweb.com.br\/wp-content\/uploads\/2025\/05\/Frame-8.png\" alt=\"\" srcset=\"https:\/\/vistotrip4you.demarcweb.com.br\/wp-content\/uploads\/2025\/05\/Frame-8.png 428w, https:\/\/vistotrip4you.demarcweb.com.br\/wp-content\/uploads\/2025\/05\/Frame-8-300x219.png 300w\" sizes=\"auto, (max-width: 428px) 100vw, 428px\" \/>\t\t\t\t\t\t\t\t\t\t\t\t\t\t\t<\/p>\n<h2>Como solicitar?<\/h2>\n<p><strong>1.Preencha o formul\u00e1rio online<\/strong> com seus dados pessoais e passaporte<br \/><strong>2.Pague a taxa de solicita\u00e7\u00e3o<\/strong> com seguran\u00e7a<br \/><strong>3.Aguarde a aprova\u00e7\u00e3o<\/strong>, que chega por e-mail em at\u00e9 <strong>72 horas<\/strong><br \/><strong>4.Viaje com tranquilidade<\/strong> para os Estados Unidos<\/p>\n<h2>Solicite seu ESTA agora e  evite contratempos na imigra\u00e7\u00e3o!<\/h2>\n<p>Garanta sua entrada nos Estados Unidos com tranquilidade e total conformidade com as exig\u00eancias do governo americano. N\u00e3o deixe para a \u00faltima hora e evite imprevistos no embarque ou na chegada ao pa\u00eds!<\/p>\n<p>\t\t\t\t\t<a href=\"#\"><br \/>\n\t\t\t\t<svg xmlns=\"http:\/\/www.w3.org\/2000\/svg\" width=\"19\" height=\"16\" viewBox=\"0 0 19 16\" fill=\"none\"><path d=\"M14.3993 6.00551C10.4113 9.34331 6.4562 12.6535 2.55434 15.9192C1.70543 15.2114 0.900218 14.5401 0.102634 13.8751C4.42976 10.2303 8.78962 6.55793 13.2151 2.83027C8.78568 2.83027 4.417 2.83027 0 2.83027C0 1.86698 0 0.961438 0 4.78694e-05C0.228029 4.78694e-05 0.44245 4.74487e-05 0.656872 4.74487e-05C6.12291 4.70077e-05 11.589 -0.000135906 17.055 0.000219492C18.0136 0.000281794 18.9999 0.820805 18.9999 1.61699C19.0001 6.19178 19 10.7666 19 15.3414C19 15.5239 19 15.7065 19 15.9291C17.8856 15.9291 16.8033 15.9291 15.679 15.9291C15.679 12.3199 15.679 8.7238 15.679 4.94221C15.1778 5.35855 14.805 5.66824 14.3993 6.00551Z\" fill=\"#60E1E0\"><\/path><\/svg><br \/>\n\t\t\t\t\t\t\t\t\tSOLICITAR AGORA<br \/>\n\t\t\t\t\t<\/a><\/p>\n","protected":false},"excerpt":{"rendered":"<p>Est\u00e1 pronto para explorar destinos incr\u00edveis? N\u00f3s planejamos cada detalhe para que voc\u00ea viva a magia dessa jornada! Afinal, o que \u00e9 o \u2028Mudan\u00e7a de Status? O Mudan\u00e7a de Status \u00e9 o processo que permite a um imigrante solicitar a mudan\u00e7a de sua condi\u00e7\u00e3o imigrat\u00f3ria sem precisar sair dos Estados Unidos. Isso significa que, em [&hellip;]<\/p>\n","protected":false},"author":1,"featured_media":0,"parent":0,"menu_order":0,"comment_status":"closed","ping_status":"closed","template":"elementor_canvas","meta":{"footnotes":""},"class_list":["post-230","page","type-page","status-publish","hentry"],"_links":{"self":[{"href":"https:\/\/vistotrip4you.demarcweb.com.br\/index.php\/wp-json\/wp\/v2\/pages\/230","targetHints":{"allow":["GET"]}}],"collection":[{"href":"https:\/\/vistotrip4you.demarcweb.com.br\/index.php\/wp-json\/wp\/v2\/pages"}],"about":[{"href":"https:\/\/vistotrip4you.demarcweb.com.br\/index.php\/wp-json\/wp\/v2\/types\/page"}],"author":[{"embeddable":true,"href":"https:\/\/vistotrip4you.demarcweb.com.br\/index.php\/wp-json\/wp\/v2\/users\/1"}],"replies":[{"embeddable":true,"href":"https:\/\/vistotrip4you.demarcweb.com.br\/index.php\/wp-json\/wp\/v2\/comments?post=230"}],"version-history":[{"count":10,"href":"https:\/\/vistotrip4you.demarcweb.com.br\/index.php\/wp-json\/wp\/v2\/pages\/230\/revisions"}],"predecessor-version":[{"id":242,"href":"https:\/\/vistotrip4you.demarcweb.com.br\/index.php\/wp-json\/wp\/v2\/pages\/230\/revisions\/242"}],"wp:attachment":[{"href":"https:\/\/vistotrip4you.demarcweb.com.br\/index.php\/wp-json\/wp\/v2\/media?parent=230"}],"curies":[{"name":"wp","href":"https:\/\/api.w.org\/{rel}","templated":true}]}}